{"id":31,"date":"2023-06-06T00:08:51","date_gmt":"2023-06-05T22:08:51","guid":{"rendered":"https:\/\/cosinus.eplus-enhance.eu\/?page_id=27"},"modified":"2023-07-04T13:47:30","modified_gmt":"2023-07-04T11:47:30","slug":"competences","status":"publish","type":"page","link":"https:\/\/innotecc.eplus-enhance.eu\/index.php\/competences\/","title":{"rendered":"Comp\u00e9tences"},"content":{"rendered":"<div class=\"wp-block-group\">&nbsp;<\/div>\n<h1> Comp\u00e9tences 1: Conception, Mod\u00e9lisation et Simulation<\/h1>\n<h3>\n<\/h3>\n<h2>Outils de Conception<\/h2>\n\n\n<ul class=\"has-black-color has-text-color wp-block-list\">\n\n<ul>\n<h4><li>CATIA :<\/h4>\n\n<ul class=\"wp-block-list\">\n\n<\/p> <\/details>\n\n<details> <summary>Objectifs :<\/summary> <p>L&rsquo;objectif de cette formation est d&rsquo;introduire les bases de la Conception Assist\u00e9e par Ordinateur (CAO). Le participant sera amen\u00e9 \u00e0 utiliser et ma\u00eetriser les diff\u00e9rents module de la mod\u00e9lisation volumique et s&rsquo;exercera sur diff\u00e9rents assemblages m\u00e9caniques r\u00e9els \u00e0 travers les ateliers suivants :\n<b><i><li>Atelier Esquisse<\/li>\n<li>Atelier Part Design<\/li>\n<li>Atelier Assembly Design><\/b><\/i>\n<\/p> <\/details>\n<details> <summary>Programme :<\/summary> <p>\n<ul>\n<li><b>Infrastructure et ergonomie<\/b><\/li>\n\n\n<ul>\n<li>Pr\u00e9sentation des diff\u00e9rents modules et ateliers<\/li>\n<li>Relation entre les diff\u00e9rents ateliers<\/li>\n<li>Environnement de travail<\/li>\n<li>Gestion des documents<\/li>\n<\/ul>\n<li><b>Atelier Sketcher<\/b><\/li>\n<ul>\n<li>Trac\u00e9 de profils simples et complexes<\/li>\n<li>Mise en place et gestion des contraintes dimensionnelles et g\u00e9om\u00e9triques<\/li>\n<li>Analyse d&rsquo;esquisse<\/li>\n<\/ul>\n<li><b>Atelier Part Design<\/b><\/li>\n<ul>\n<li>Outils \u00e9l\u00e9mentaires : extrusion, r\u00e9volution, balayage, trou, poche, cong\u00e9 et chanfrein<\/li>\n<li>Arbre de construction<\/li>\n<li>Corps de pi\u00e8ce<\/li>\n<li>Op\u00e9rations bool\u00e9ennes: assemblage, ajout et retrait<\/li>\n<li>Op\u00e9rations avanc\u00e9es: coque, d\u00e9pouille, nervure et raidisseur<\/li>\n<li>Transformations et r\u00e9p\u00e9titions d&rsquo;op\u00e9rations<\/li>\n<li>\u00c9l\u00e9ments de r\u00e9f\u00e9rence 3D: doites, plans et points<\/li>\n<li>Ajout de mati\u00e8re<\/li>\n<li>Param\u00e9trage: cr\u00e9ation de tables de param\u00e9trage, gestion des param\u00e8tres et des formules<\/li>\n<li>Analyses, mesures et publication d&rsquo;\u00e9l\u00e9ments<\/li>\n<\/ul>\n<li><b>Atelier Assembly Design<\/b><\/li>\n<ul>\n<li>Interface utilisateur<\/li>\n<li>Configuration de l&rsquo;atelier<\/li>\n<li>Contraintes d&rsquo;assemblage<\/li>\n<li>Conception dans l&rsquo;assemblage: gestion et organisation d&rsquo;un produit (ensemble, sous-ensemble, composants)<\/li>\n<\/details>\n\n<\/ul>\n\n<\/li>\n\n<\/ul>\n\n<\/ul>\n\n<\/li>\n\n\n<h4><li>AutoCAD MEP<\/li><\/h4>\n\n<ul>\n<ul>\n<details> <summary>Objectifs :<\/summary> <p>L&rsquo;objectif de cette formation est de pouvoir concevoir des projets architecturaux complets en utilisant les diff\u00e9rents modules d&rsquo;AutoCAD MEP. Cette formation est destin\u00e9e architectes, techniciens et aux dessinateurs\/projeteurs en bureaux d&rsquo;\u00e9tudes.\n<\/p> <\/details>\n<details> <summary>Programme :<\/summary> <p>\n<ul>\n<li><b>Pr\u00e9sentation d&rsquo;AutoCAD MEP<\/b><\/li>\n<ul>\n<li>Interface utilisateur<\/li>\n<li>Relation entre les diff\u00e9rents ateliers<\/li>\n<li>Le ruban, la palette des outils et l&rsquo;espace de travail<\/li>\n<li>Configurations d&rsquo;affichage<\/li>\n<li>Gestion des calques<\/li>\n<\/ul>\n<li><b>Notions de base<\/b><\/li>\n<ul>\n<li>Les outils MEP et les objets<\/li>\n<li>Les gabarits, les styles et les catalogues<\/li>\n<li>Gestionnaire de styles<\/li>\n<li>Gestionnaire d&rsquo;affichage<\/li>\n<li>Les coupes et les rendus<\/li>\n<\/ul>\n<li><b>Module CVC &#8211; A\u00e9raulique<\/b><\/li>\n<ul>\n<li>Les objets CVC en 3D(en 3D)<\/li>\n<li>Styles de syst\u00e8mes et groupes de composants<\/li>\n<li>Catalogue et choix de gaines<\/li>\n<li>Dessin de r\u00e9seaux et manipulation<\/li>\n<li>Les raccords<\/li>\n<li>Insertion d&rsquo;\u00e9quipements en ligne<\/li>\n<li>Les diff\u00e9rents modes de mod\u00e9lisation des r\u00e9seaux<\/li>\n<li>Routage assist\u00e9 et calcul du dimensionnement<\/li>\n<li>Les supports<\/li>\n<\/ul>\n<li><b>Module CVC &#8211; Hydraulique<\/b><\/li>\n<ul>\n<li>Les de tuyauterie en 3D(en 3D)<\/li>\n<li>Styles de syst\u00e8mes et groupes de composants<\/li>\n<li>Catalogue et choix de tuyauterie<\/li>\n<li>Dessin de r\u00e9seaux et manipulation<\/li>\n<li>Les raccords<\/li>\n<li>Insertion d&rsquo;\u00e9quipements <\/li>\n<li>Tuyauterie en nappe<\/li>\n<li>Affichage 1D et 2D<\/li>\n<li>Les supports<\/li>\n<\/ul>\n<li><b>Module \u00c9lectricit\u00e9<\/b><\/li>\n<ul>\n<li>Styles d&rsquo;objets \u00e9lectriques: tableaux, appareils, fils, conduits, chemins de c\u00e2bles&#8230;<\/li>\n<li>Implantation de terminaux<\/li>\n<li>C\u00e2blage automatique des appareils<\/li>\n<li>Gestionnaire de circuits<\/li>\n<li>Chemins de c\u00e2bles: mod\u00e9lisation et manipulation<\/li>\n<li>Nomenclature des tableaux <\/li>\n<\/ul>\n<li><b>Synth\u00e8se et documentation de projet<\/b><\/li>\n<ul>\n<li>Annotation, blocs \u00e0 vues multiples et \u00e9tiquettes MEP<\/li>\n<li>Jeux de propri\u00e9t\u00e9<\/li>\n<li>Cotations<\/li>\n<li>L\u00e9gendes et th\u00e8mes d&rsquo;affichage <\/li>\n<li>Tables de nomenclature<\/li>\n<li>Cr\u00e9ation des coupes 2D et 3D<\/li>\n<li>Feuilles et cartouches<\/li>\n<li>Gestion des interf\u00e9rences<\/li>\n<li>Analyse et production d&rsquo;un plan de r\u00e9servation<\/li>\n<\/details>\n<\/ul>\n<\/ul>\n<h4><li>AutoCAD (Avanc\u00e9)<\/li><\/h4>\n<ul>\n<ul>\n<details> <summary>Objectifs :<\/summary> <p>Cette formation est destin\u00e9e aux utilisateurs exp\u00e9riment\u00e9s d&rsquo;AutoCAD et a pour but d&rsquo;am\u00e9liorer leur ma\u00eetrise de l&rsquo;outil. Cette formation inclut l&rsquo;utilisation de fonctions et de commandes techniques et avanc\u00e9e en vue de se perfectionner dans la cr\u00e9ation, annotation et impression des dessins sur AutoCAD\n<\/p> <\/details>\n<details> <summary>Programme :<\/summary> <p>\n<ul>\n<li><b>Pr\u00e9sentation de fonctions avanc\u00e9es de dessin<\/b><\/li>\n<ul>\n<li>Utilisation et \u00e9dition des polylignes<\/li>\n<li>Cr\u00e9ation de contours et calcul des surfaces<\/li>\n<li>Cr\u00e9ation des r\u00e9gions<\/li>\n<\/ul>\n<li><b>Utilisation d&rsquo;images ou de plans scann\u00e9s<\/b><\/li>\n<ul>\n<li>Ins\u00e9rer des images\/plans<\/li>\n<li>Possibilit\u00e9s d&rsquo;\u00e9dition d&rsquo;images et d\u00e9limitation de zones<\/li>\n<li>Aper\u00e7u des attributs<\/li> \n<li>Cr\u00e9ation de cartouches avec attributs<\/li>\n<li>Insertion et \u00e9dition du contenu d&rsquo;attributs<\/li>\n<li>Export des attributs vers un tableau<\/li>\n<li>Cr\u00e9ation de blocs et biblioth\u00e8que<\/li>\n<li>Les blocs dynamiques<\/li>\n<\/ul>\n<li><b>Utilisation des fichiers externes XREF<\/b><\/li>\n<ul>\n<li>Pr\u00e9sentation et attachement des r\u00e9f\u00e9rences externes<\/li>\n<li>Mise \u00e0 jour de r\u00e9f\u00e9rences externes attach\u00e9es  <\/li>\n<li>Modification d&rsquo;objets s\u00e9lectionn\u00e9s dans des XREFs<\/li>\n<\/ul>\n<li><b>D\u00e9finition des syst\u00e8mes de coordonn\u00e9es en 3 dimensions<\/b><\/li>\n<ul>\n<li>D\u00e9finition des coordonn\u00e9es cart\u00e9siennes <\/li>\n<li>D\u00e9finition des coordonn\u00e9es cylindriques<\/li>\n<li>D\u00e9finition des coordonn\u00e9es sph\u00e9riques<\/li>\n<li>D\u00e9finition des coordonn\u00e9es utilisateur<\/li>\n<\/ul>\n<li><b>Cr\u00e9ation et visualisation d&rsquo;objets 3D<\/b><\/li>\n<ul>\n<li>Cr\u00e9ation des mod\u00e8les filaires<\/li>\n<li>Cr\u00e9ation des surfaces<\/li>\n<li>Cr\u00e9ation des solides>\n<\/details>\n<\/ul>\n<\/ul>\n<h4><li>Revit Structure<\/li><\/h4>\n<ul>\n<ul>\n<details> <summary>Objectifs :<\/summary> <p>L&rsquo;objectif de cette formation est de d\u00e9couvrir et de prendre en main le logiciel Revit Structure et de comprendre les principes de la mod\u00e9lisation objet pour pouvoir concevoir et r\u00e9aliser des projets. \n<\/p> <\/details>\n<details> <summary>Programme :<\/summary> <p>\n<ul>\n<li><b>Introduction \u00e0 Revit Structure<\/b><\/li>\n<ul>\n<li>Principes de base du BIM et de la mod\u00e9lisation Objet<\/li>\n<li>Pr\u00e9sentation de l&rsquo;interface de Revit<\/li>\n<li>Principes de classes d&rsquo;objets et des propri\u00e9t\u00e9s d&rsquo;objets<\/li>\n<li>Principes des cat\u00e9gories de vues et des propri\u00e9t\u00e9s des vues<\/li>\n<li>Organisation d&rsquo;un fichier Revit<\/li>\n<li>Principe des familles: Familles de syst\u00e8mes et composants standards<\/li>\n<li>Ex\u00e9cution des t\u00e2ches courantes<\/li>\n<\/ul>\n<li><b>Mod\u00e9lisation de structure: \u00c9l\u00e9ments de structure<\/b><\/li>\n<ul>\n<li>Onglet structure: Structure, Fondations etc..<\/li>\n<li>Les \u00e9l\u00e9ments structures: Fondation, murs porteurs, poteaux, r\u00e9seaux de poutres, dalles, escaliers, tr\u00e9mies et ouvertures<\/li>\n<\/ul>\n<li><b>La documentation du projet<\/b><\/li>\n<ul>\n<li>Cr\u00e9ation et utilisation des \u00e9tiquettes<\/li>\n<li>C\u00f4tes et c\u00f4tes de niveau<\/li>\n<li>Notes textuelles<\/li>\n<li>Cr\u00e9ation de d\u00e9tails et composants de dessin<\/li>\n<li>Cr\u00e9ation et gestion des nomenclature<\/li>\n<\/ul>\n<li><b>Travail collaboratif<\/b><\/li>\n<ul>\n<li>Importation de fichiers Architecture &#8211; DWG et RVT <\/li>\n<li>Fichiers centraux et sous-projets<\/li>\n<li>Fichiers li\u00e9s<\/li>\n<\/ul>\n<li><b>Gestion des vues et feuilles<\/b><\/li>\n<ul>\n<li>Les gabarits de vues: Plans, coupes, \u00e9l\u00e9vations&#8230;<\/li>\n<li>Gestion des vues de d\u00e9tails<\/li>\n<li>Gestion des feuilles<\/li>\n<\/details>\n<\/ul>\n<\/ul>\n<h4><li>SolidWorks<\/li><\/h4>\n\n\n<h2>Calculs et simulation<\/h2>\n<ul><\/ul>\n\n\n<h4><li>Robot Structural Analysis (Prise en main)<\/h4>\n<h4><li>Robot Structural Analysis (Module sismique)<\/h4>\n<h4><li>Robot Structural Analysis (Module charpente m\u00e9tallique)<\/h4>\n<\/li>\n<p>\n\n\n<p><\/p>\n<p>\n<!-- \/wp:post-content -->\n<\/p>\n<p>\n<!-- \/wp:list --><\/p>","protected":false},"excerpt":{"rendered":"<p>&nbsp; Comp\u00e9tences 1: Conception, Mod\u00e9lisation et Simulation Outils de Conception Calculs et simulation<\/p>\n","protected":false},"author":2,"featured_media":0,"parent":0,"menu_order":0,"comment_status":"closed","ping_status":"closed","template":"","meta":{"footnotes":""},"class_list":["post-31","page","type-page","status-publish","hentry"],"_links":{"self":[{"href":"https:\/\/innotecc.eplus-enhance.eu\/index.php\/wp-json\/wp\/v2\/pages\/31","targetHints":{"allow":["GET"]}}],"collection":[{"href":"https:\/\/innotecc.eplus-enhance.eu\/index.php\/wp-json\/wp\/v2\/pages"}],"about":[{"href":"https:\/\/innotecc.eplus-enhance.eu\/index.php\/wp-json\/wp\/v2\/types\/page"}],"author":[{"embeddable":true,"href":"https:\/\/innotecc.eplus-enhance.eu\/index.php\/wp-json\/wp\/v2\/users\/2"}],"replies":[{"embeddable":true,"href":"https:\/\/innotecc.eplus-enhance.eu\/index.php\/wp-json\/wp\/v2\/comments?post=31"}],"version-history":[{"count":59,"href":"https:\/\/innotecc.eplus-enhance.eu\/index.php\/wp-json\/wp\/v2\/pages\/31\/revisions"}],"predecessor-version":[{"id":164,"href":"https:\/\/innotecc.eplus-enhance.eu\/index.php\/wp-json\/wp\/v2\/pages\/31\/revisions\/164"}],"wp:attachment":[{"href":"https:\/\/innotecc.eplus-enhance.eu\/index.php\/wp-json\/wp\/v2\/media?parent=31"}],"curies":[{"name":"wp","href":"https:\/\/api.w.org\/{rel}","templated":true}]}}